{"id":76,"date":"2014-11-13T16:33:05","date_gmt":"2014-11-13T15:33:05","guid":{"rendered":"http:\/\/serviceofplacebo.se\/?page_id=76"},"modified":"2014-11-13T16:33:05","modified_gmt":"2014-11-13T15:33:05","slug":"service-of-placebo-2","status":"publish","type":"page","link":"https:\/\/serviceofplacebo.se\/en\/service-of-placebo-2\/","title":{"rendered":"Service of Placebo"},"content":{"rendered":"<p><strong>Stadgar f\u00f6r trosamfundet \u2013 Service of Placebo<\/strong><br \/>\n1 \u00a7 Trosats Vi tror p\u00e5 Placebo, en i alla m\u00e4nniskor inneboende f\u00f6rm\u00e5ga till gudomlig l\u00e4kning genom tro, vi tror p\u00e5 tankens gudomligt l\u00e4kande kraft, vi tror p\u00e5 alla v\u00e4gar som bejakar varje m\u00e4nniskas m\u00f6jligheter att f\u00e5 tillg\u00e5ng till denna kraft, och vi har ett sinne som \u00e4r \u00f6ppet f\u00f6r allt som talar b\u00e5de f\u00f6r och emot detta. Den som p\u00e5 ett f\u00f6r r\u00e5dande vetenskap sv\u00e5rf\u00f6rklarligt s\u00e4tt har l\u00e4kt anses vara placebomirakel i denna tro. Skulle vetenskapen hinna ikapp ett mirakel kallas det ett hedersmirakel. Detta \u00e4r trossamfundets enda trosatser.<br \/>\n2 \u00a7 \u00c4ndam\u00e5l\/syfte Att p\u00e5 alla s\u00e4tt \u00f6ppna d\u00f6rrarna mellan gudomliga mirakel, vetenskap och den enskilda m\u00e4nniskan. Att ena och f\u00f6rena den inre l\u00e4kande effekten inom alla religioner, terapier, helande metoder och andra behandlingar i samma trossamfund och g\u00f6ra den tillg\u00e4nglig f\u00f6r envar, \u00e4ven den som f\u00f6rg\u00e4ves f\u00f6rs\u00f6ker tvivla p\u00e5 den. Att l\u00e5ta varje m\u00e4nniska bevara och vidga sin r\u00e5dande \u00f6vertygelse inom vetenskap, religion och filosofi. Vi ser varje uppfattning av v\u00e4rlden som en uppenbar del av helheten och den kollektiva nyttan av detta som en fr\u00e5ga om perspektiv. Att verka f\u00f6r att hj\u00e4lpa varje m\u00e4nniska som vill komma i kontakt med sitt undermedvetna, sitt omedvetna och i den m\u00e5n m\u00e4nniskan tror p\u00e5 det, \u00e4ven det kollektiva omedvetna f\u00f6r att n\u00e5 sin fulla potential. Att erbjuda gudstj\u00e4nster f\u00f6r denna kommunikation och dess m\u00f6jligheter att skapa \u00f6nskad mental eller fysisk f\u00f6rb\u00e4ttring genom fokuserad placebo i alla dess former. Att samordna och uppmuntra \u00f6ppna d\u00f6rrar mellan alla olika inriktningar inom l\u00e4kekonster, folktro, individuell tro och vetenskap d\u00e4r man kan dela erfarenheter och kunskaper med varandra, med nyfiken respekt och f\u00f6r varandras olika trosuppfattningar och ide\u00e9r. Att h\u00e5lla \u00f6ppen gudstj\u00e4nst f\u00f6r m\u00e4nniskor som s\u00f6ker placebo f\u00f6r sin egen skull eller f\u00f6r n\u00e5gon i deras n\u00e4rhet. 3 \u00a7 Styrelsen Trossamfundet styrelse har till uppgift att leda och ansvara f\u00f6r f\u00f6rbundets verksamhet och beslut. &#8211; Styrelsen best\u00e5r av ordf\u00f6rande, vice ordf\u00f6rande, kass\u00f6r och de medlemmar som utan egenintresse \u00e4r involverade i en enskild styrelsefr\u00e5ga, dock minst tre. Ordf\u00f6rande eller vice ordf\u00f6rande kan vara kass\u00f6r samtidigt. Ordf\u00f6rande kan ta beslut sj\u00e4lv eller i samr\u00e5d med Vice Ordf\u00f6rande. Ordf\u00f6rande sitter s\u00e5 l\u00e4nge ordf\u00f6rande i handling \u00e4r aktiv i precis s\u00e5 h\u00f6g grad som \u00e4r n\u00f6dv\u00e4ndig f\u00f6r att kunna uppr\u00e4tth\u00e5lla samlingar, kommunikation och Placebogudstj\u00e4nster. Den som kan besluta om nytt ordf\u00f6rande \u00e4r befintlig ordf\u00f6rande. Ordf\u00f6rande utser Vice Ordf\u00f6rande och en styrelse f\u00f6r varje fr\u00e5goomr\u00e5de d\u00e4r var och en \u00e4ger tv\u00e5 r\u00f6ster: en medveten och en ideomotorisk, skulle problem uppst\u00e5 i sakfr\u00e5ga \u00e4ger ordf\u00f6rande vetor\u00e4tt. I fr\u00e5nvaro p\u00e5 m\u00f6te s\u00e5 kan styrelsemedlems r\u00f6st delges innan sj\u00e4lva m\u00f6tet i sakfr\u00e5gor som skall tas upp p\u00e5 m\u00f6tet eller r\u00f6str\u00e4tten ges till n\u00e5gon av de \u00f6vriga i styrelsen. Ordf\u00f6rande \u00e4r ocks\u00e5 den som delger ansvar \u00e5t styrelsens olika uppgifter.<br \/>\n&#8211; Man \u00e4r som styrelsemedlem aktiv genom handling och uttr\u00e4der s\u00e5 snart handlingen av vilken anledning som helst inte l\u00e4ngre fyller sin funktion. &#8211; Styrelsen har s\u00e5 m\u00e5nga m\u00f6ten det kr\u00e4vs f\u00f6r att verksamheten skall fungera tillfredsst\u00e4llande, vilket utv\u00e4rderas l\u00f6pande, dock minst en g\u00e5ng i kvartalet. &#8211; Dokumentation om verksamheten utf\u00f6rs vid varje m\u00f6te p\u00e5 valfritt s\u00e4tt och g\u00f6rs tillg\u00e4ngligt. 4 \u00a7 Firmatecknare Firmatecknare f\u00f6r trossamfundet \u00e4r Ordf\u00f6rande som \u00e4ven \u00e4r kontaktperson. Ulf Sandstr\u00f6m (Ordf\u00f6rande\/Kass\u00f6r) Upplandsgatan 6 111 23 Stockholm<br \/>\n5 \u00a7 Medlemmar Medlemskap i Service of Placebo \u00e4r definitivt inget krav f\u00f6r att deltaga i dess verksamhet, men medlemskap f\u00f6r dem som vill ing\u00e5 i ett s\u00e5dant erbjuds. Medlemsavgifter avg\u00f6rs p\u00e5 \u00e5rsm\u00f6te. Detta sammanst\u00e4lls i ett register som dock inte \u00e4r ett offentligt dokument, utan sekretesskyddat. \u00d6vrig styrelse f\u00f6r stunden Fredrik Praesto (Vice ordf\u00f6rande) Emil Johansson (sekreterare) 6 \u00a7 R\u00e4kenskaper Trossamfundets r\u00e4kenskaps\u00e5r \u00e4r fr\u00e5n 1\/1 till 31\/12. Det \u00e4r kass\u00f6rens uppgift att ombes\u00f6rja trossamfundets bokf\u00f6ring och genomg\u00e5ng med revisor vid \u00e5rsredovisningen.<br \/>\n7 \u00a7 Donationer\/stipendium 100% av vinsten skall g\u00e5 till att ut\u00f6ka verksamheten genom intern verksamhet eller l\u00e4mplig organisation eller person som i handling sprider m\u00f6jligheter till placebo oavsett upps\u00e5t. 8 \u00a7 \u00c4ndringar av stadgar och verksamhet \u00c4ndringar av stadgar och verksamhet ut\u00f6ver trossats kan tas p\u00e5 \u00e5rsm\u00f6ten eller p\u00e5 annat m\u00f6te. S\u00e5dant beslut skall fattas genom r\u00f6stning, d\u00e4r den ideomotoriska majoriteten avg\u00f6r och ordf\u00f6rande har utslagsgivande r\u00f6st. 9 \u00a7 Uppl\u00f6sning av trossamfundet F\u00f6r uppl\u00f6sning av trossamfundet kr\u00e4vs ett av Ordf\u00f6rande godk\u00e4nt beslut, d\u00e5 ocks\u00e5 tillg\u00e5ngar skall tillfalla v\u00e4lg\u00f6rande \u00e4ndam\u00e5l i linje med trossatsens f\u00f6ruts\u00e4ttningar, och med ordf\u00f6randes godk\u00e4nnande.<\/p>\n","protected":false},"excerpt":{"rendered":"<p>Stadgar f\u00f6r trosamfundet \u2013 Service of Placebo 1 \u00a7 Trosats Vi tror p\u00e5 Placebo, en i alla m\u00e4nniskor inneboende f\u00f6rm\u00e5ga till gudomlig l\u00e4kning genom tro, vi tror p\u00e5 tankens gudomligt l\u00e4kande kraft, vi tror p\u00e5 alla v\u00e4gar som bejakar varje m\u00e4nniskas m\u00f6jligheter att f\u00e5 tillg\u00e5ng till denna kraft, och vi har ett sinne som \u00e4r<a class=\"moretag\" href=\"https:\/\/serviceofplacebo.se\/en\/service-of-placebo-2\/\"><span class=\"screen-reader-text\">Read more about Service of Placebo<\/span>[&#8230;]<\/a><\/p>\n","protected":false},"author":1,"featured_media":0,"parent":0,"menu_order":0,"comment_status":"open","ping_status":"open","template":"","meta":{"footnotes":""},"class_list":["post-76","page","type-page","status-publish","hentry"],"_links":{"self":[{"href":"https:\/\/serviceofplacebo.se\/en\/wp-json\/wp\/v2\/pages\/76","targetHints":{"allow":["GET"]}}],"collection":[{"href":"https:\/\/serviceofplacebo.se\/en\/wp-json\/wp\/v2\/pages"}],"about":[{"href":"https:\/\/serviceofplacebo.se\/en\/wp-json\/wp\/v2\/types\/page"}],"author":[{"embeddable":true,"href":"https:\/\/serviceofplacebo.se\/en\/wp-json\/wp\/v2\/users\/1"}],"replies":[{"embeddable":true,"href":"https:\/\/serviceofplacebo.se\/en\/wp-json\/wp\/v2\/comments?post=76"}],"version-history":[{"count":1,"href":"https:\/\/serviceofplacebo.se\/en\/wp-json\/wp\/v2\/pages\/76\/revisions"}],"predecessor-version":[{"id":77,"href":"https:\/\/serviceofplacebo.se\/en\/wp-json\/wp\/v2\/pages\/76\/revisions\/77"}],"wp:attachment":[{"href":"https:\/\/serviceofplacebo.se\/en\/wp-json\/wp\/v2\/media?parent=76"}],"curies":[{"name":"wp","href":"https:\/\/api.w.org\/{rel}","templated":true}]}}